{"id":1036,"date":"2021-04-22T09:02:14","date_gmt":"2021-04-22T09:02:14","guid":{"rendered":"https:\/\/inoxboca.com.vn\/en\/?post_type=product&#038;p=1036"},"modified":"2021-07-09T07:42:21","modified_gmt":"2021-07-09T07:42:21","slug":"stainless-steel-8k-rose-gold","status":"publish","type":"product","link":"https:\/\/inoxboca.com.vn\/en\/stainless-steel-8k-rose-gold\/","title":{"rendered":"Stainless steel 8k Rose gold"},"content":{"rendered":"<h4><span style=\"font-size: 110%;\"><strong><span style=\"color: #000000;\">AUSTRALIA BLUE OCEAN JOINT STOCK COMPANY<\/span><\/strong><\/span><\/h4>\n<h4><span style=\"color: #000000;\">Address: Lot 1, building B11, group 8, My Dinh 1 urban area, Cau Dien Ward, Nam Tu Liem District, Hanoi.\u00a0<\/span><br \/>\n<span style=\"color: #000000;\">Representative office: P510 \u2013 CT5 DN 1, Tran Huu Duc, My Dinh 1, Nam Tu Liem, Hanoi.<\/span><br \/>\n<span style=\"color: #000000;\">Tax code: 0107558943<\/span><br \/>\n<span style=\"color: #000000;\"><span class=\"text\">EmailSales:\u00a0<\/span><span style=\"color: #0000ff;\"><a class=\"text-is-email\" style=\"color: #0000ff;\" href=\"mailto:hainoxboca@gmail.com\" target=\"_blank\" rel=\"noopener\">hainoxboca@gmail.com<\/a><\/span><\/span><br \/>\n<span style=\"color: #000000;\">Tel: +84 973,939,745<\/span><br \/>\n<span style=\"color: #000000;\"><span class=\"text\">Website :\u00a0<\/span><a class=\"text-is-link\" style=\"color: #000000;\" href=\"http:\/\/inoxboca.com.vn\/\" target=\"_blank\" rel=\"noopener noreferrer\">Inoxboca.com.vn<\/a><\/span><\/h4>\n","protected":false},"excerpt":{"rendered":"<p>T\u1ed1c \u0111\u1ed9 h\u00f3a b\u1ec1n r\u00e8n cao<br \/>\n\u0110\u1ed9 d\u1ebbo cao h\u01a1n<br \/>\n\u0110\u1ed9 c\u1ee9ng v\u00e0 \u0111\u1ed9 b\u1ec1n cao h\u01a1n<br \/>\n\u0110\u1ed9 b\u1ec1n n\u00f3ng cao h\u01a1n<br \/>\nCh\u1ed1ng ch\u1ecbu \u0103n m\u00f2n cao h\u01a1n<br \/>\n\u0110\u1ed9 d\u1ebbo dai \u1edf nhi\u1ec7t \u0111\u1ed9 th\u1ea5p t\u1ed1t h\u01a1n<br \/>\nPh\u1ea3n \u1ee9ng t\u1eeb k\u00e9m h\u01a1n (ch\u1ec9 v\u1edbi th\u00e9p austenit)<br \/>\nC\u00e1c c\u01a1 t\u00ednh \u0111\u00f3 th\u1ef1c ra \u0111\u00fang cho h\u1ecd th\u00e9p austenit v\u00e0 c\u00f3 th\u1ec3 thay \u0111\u1ed5i kh\u00e1 nhi\u1ec1u \u0111\u1ed1i v\u1edbi c\u00e1c m\u00e1c th\u00e9p v\u00e0 h\u1ecd th\u00e9p kh\u00e1c.<\/p>\n","protected":false},"featured_media":1119,"comment_status":"open","ping_status":"closed","template":"","meta":[],"product_cat":[100],"product_tag":[],"yoast_head":"<!-- This site is optimized with the Yoast SEO plugin v22.8 - https:\/\/yoast.com\/wordpress\/plugins\/seo\/ -->\n<title>Stainless steel 8k Rose gold - INOX BOCA<\/title>\n<meta name=\"robots\" content=\"index, follow, max-snippet:-1, max-image-preview:large, max-video-preview:-1\" \/>\n<link rel=\"canonical\" href=\"https:\/\/inoxboca.com.vn\/en\/stainless-steel-8k-rose-gold\/\" \/>\n<meta property=\"og:locale\" content=\"en_US\" \/>\n<meta property=\"og:type\" content=\"article\" \/>\n<meta property=\"og:title\" content=\"Stainless steel 8k Rose gold - INOX BOCA\" \/>\n<meta property=\"og:description\" content=\"T\u1ed1c \u0111\u1ed9 h\u00f3a b\u1ec1n r\u00e8n cao \u0110\u1ed9 d\u1ebbo cao h\u01a1n \u0110\u1ed9 c\u1ee9ng v\u00e0 \u0111\u1ed9 b\u1ec1n cao h\u01a1n \u0110\u1ed9 b\u1ec1n n\u00f3ng cao h\u01a1n Ch\u1ed1ng ch\u1ecbu \u0103n m\u00f2n cao h\u01a1n \u0110\u1ed9 d\u1ebbo dai \u1edf nhi\u1ec7t \u0111\u1ed9 th\u1ea5p t\u1ed1t h\u01a1n Ph\u1ea3n \u1ee9ng t\u1eeb k\u00e9m h\u01a1n (ch\u1ec9 v\u1edbi th\u00e9p austenit) C\u00e1c c\u01a1 t\u00ednh \u0111\u00f3 th\u1ef1c ra \u0111\u00fang cho h\u1ecd th\u00e9p austenit v\u00e0 c\u00f3 th\u1ec3 thay \u0111\u1ed5i kh\u00e1 nhi\u1ec1u \u0111\u1ed1i v\u1edbi c\u00e1c m\u00e1c th\u00e9p v\u00e0 h\u1ecd th\u00e9p kh\u00e1c.\" \/>\n<meta property=\"og:url\" content=\"https:\/\/inoxboca.com.vn\/en\/stainless-steel-8k-rose-gold\/\" \/>\n<meta property=\"og:site_name\" content=\"INOX BOCA\" \/>\n<meta property=\"article:modified_time\" content=\"2021-07-09T07:42:21+00:00\" \/>\n<meta property=\"og:image\" content=\"https:\/\/inoxboca.com.vn\/en\/wp-content\/uploads\/2021\/04\/stainless-steel-8k-rose-gold.jpg\" \/>\n\t<meta property=\"og:image:width\" content=\"1000\" \/>\n\t<meta property=\"og:image:height\" content=\"1000\" \/>\n\t<meta property=\"og:image:type\" content=\"image\/jpeg\" \/>\n<meta name=\"twitter:card\" content=\"summary_large_image\" \/>\n<meta name=\"twitter:label1\" content=\"Est. reading time\" \/>\n\t<meta name=\"twitter:data1\" content=\"1 minute\" \/>\n<script type=\"application\/ld+json\" class=\"yoast-schema-graph\">{\"@context\":\"https:\/\/schema.org\",\"@graph\":[{\"@type\":\"WebPage\",\"@id\":\"https:\/\/inoxboca.com.vn\/en\/stainless-steel-8k-rose-gold\/\",\"url\":\"https:\/\/inoxboca.com.vn\/en\/stainless-steel-8k-rose-gold\/\",\"name\":\"Stainless steel 8k Rose gold - INOX BOCA\",\"isPartOf\":{\"@id\":\"https:\/\/inoxboca.com.vn\/en\/#website\"},\"primaryImageOfPage\":{\"@id\":\"https:\/\/inoxboca.com.vn\/en\/stainless-steel-8k-rose-gold\/#primaryimage\"},\"image\":{\"@id\":\"https:\/\/inoxboca.com.vn\/en\/stainless-steel-8k-rose-gold\/#primaryimage\"},\"thumbnailUrl\":\"https:\/\/inoxboca.com.vn\/en\/wp-content\/uploads\/2021\/04\/stainless-steel-8k-rose-gold.jpg\",\"datePublished\":\"2021-04-22T09:02:14+00:00\",\"dateModified\":\"2021-07-09T07:42:21+00:00\",\"breadcrumb\":{\"@id\":\"https:\/\/inoxboca.com.vn\/en\/stainless-steel-8k-rose-gold\/#breadcrumb\"},\"inLanguage\":\"en-US\",\"potentialAction\":[{\"@type\":\"ReadAction\",\"target\":[\"https:\/\/inoxboca.com.vn\/en\/stainless-steel-8k-rose-gold\/\"]}]},{\"@type\":\"ImageObject\",\"inLanguage\":\"en-US\",\"@id\":\"https:\/\/inoxboca.com.vn\/en\/stainless-steel-8k-rose-gold\/#primaryimage\",\"url\":\"https:\/\/inoxboca.com.vn\/en\/wp-content\/uploads\/2021\/04\/stainless-steel-8k-rose-gold.jpg\",\"contentUrl\":\"https:\/\/inoxboca.com.vn\/en\/wp-content\/uploads\/2021\/04\/stainless-steel-8k-rose-gold.jpg\",\"width\":1000,\"height\":1000},{\"@type\":\"BreadcrumbList\",\"@id\":\"https:\/\/inoxboca.com.vn\/en\/stainless-steel-8k-rose-gold\/#breadcrumb\",\"itemListElement\":[{\"@type\":\"ListItem\",\"position\":1,\"name\":\"Home\",\"item\":\"https:\/\/inoxboca.com.vn\/en\/\"},{\"@type\":\"ListItem\",\"position\":2,\"name\":\"Shop\",\"item\":\"https:\/\/inoxboca.com.vn\/en\/shop\/\"},{\"@type\":\"ListItem\",\"position\":3,\"name\":\"Stainless steel 8k Rose gold\"}]},{\"@type\":\"WebSite\",\"@id\":\"https:\/\/inoxboca.com.vn\/en\/#website\",\"url\":\"https:\/\/inoxboca.com.vn\/en\/\",\"name\":\"INOX BOCA\",\"description\":\"C\u00d4NG TY C\u1ed4 PH\u1ea6N \u0110\u1ea0I D\u01af\u01a0NG XANH \u00daC CH\u00c2U\",\"potentialAction\":[{\"@type\":\"SearchAction\",\"target\":{\"@type\":\"EntryPoint\",\"urlTemplate\":\"https:\/\/inoxboca.com.vn\/en\/?s={search_term_string}\"},\"query-input\":\"required name=search_term_string\"}],\"inLanguage\":\"en-US\"}]}<\/script>\n<!-- \/ Yoast SEO plugin. -->","yoast_head_json":{"title":"Stainless steel 8k Rose gold - INOX BOCA","robots":{"index":"index","follow":"follow","max-snippet":"max-snippet:-1","max-image-preview":"max-image-preview:large","max-video-preview":"max-video-preview:-1"},"canonical":"https:\/\/inoxboca.com.vn\/en\/stainless-steel-8k-rose-gold\/","og_locale":"en_US","og_type":"article","og_title":"Stainless steel 8k Rose gold - INOX BOCA","og_description":"T\u1ed1c \u0111\u1ed9 h\u00f3a b\u1ec1n r\u00e8n cao \u0110\u1ed9 d\u1ebbo cao h\u01a1n \u0110\u1ed9 c\u1ee9ng v\u00e0 \u0111\u1ed9 b\u1ec1n cao h\u01a1n \u0110\u1ed9 b\u1ec1n n\u00f3ng cao h\u01a1n Ch\u1ed1ng ch\u1ecbu \u0103n m\u00f2n cao h\u01a1n \u0110\u1ed9 d\u1ebbo dai \u1edf nhi\u1ec7t \u0111\u1ed9 th\u1ea5p t\u1ed1t h\u01a1n Ph\u1ea3n \u1ee9ng t\u1eeb k\u00e9m h\u01a1n (ch\u1ec9 v\u1edbi th\u00e9p austenit) C\u00e1c c\u01a1 t\u00ednh \u0111\u00f3 th\u1ef1c ra \u0111\u00fang cho h\u1ecd th\u00e9p austenit v\u00e0 c\u00f3 th\u1ec3 thay \u0111\u1ed5i kh\u00e1 nhi\u1ec1u \u0111\u1ed1i v\u1edbi c\u00e1c m\u00e1c th\u00e9p v\u00e0 h\u1ecd th\u00e9p kh\u00e1c.","og_url":"https:\/\/inoxboca.com.vn\/en\/stainless-steel-8k-rose-gold\/","og_site_name":"INOX BOCA","article_modified_time":"2021-07-09T07:42:21+00:00","og_image":[{"width":1000,"height":1000,"url":"https:\/\/inoxboca.com.vn\/en\/wp-content\/uploads\/2021\/04\/stainless-steel-8k-rose-gold.jpg","type":"image\/jpeg"}],"twitter_card":"summary_large_image","twitter_misc":{"Est. reading time":"1 minute"},"schema":{"@context":"https:\/\/schema.org","@graph":[{"@type":"WebPage","@id":"https:\/\/inoxboca.com.vn\/en\/stainless-steel-8k-rose-gold\/","url":"https:\/\/inoxboca.com.vn\/en\/stainless-steel-8k-rose-gold\/","name":"Stainless steel 8k Rose gold - INOX BOCA","isPartOf":{"@id":"https:\/\/inoxboca.com.vn\/en\/#website"},"primaryImageOfPage":{"@id":"https:\/\/inoxboca.com.vn\/en\/stainless-steel-8k-rose-gold\/#primaryimage"},"image":{"@id":"https:\/\/inoxboca.com.vn\/en\/stainless-steel-8k-rose-gold\/#primaryimage"},"thumbnailUrl":"https:\/\/inoxboca.com.vn\/en\/wp-content\/uploads\/2021\/04\/stainless-steel-8k-rose-gold.jpg","datePublished":"2021-04-22T09:02:14+00:00","dateModified":"2021-07-09T07:42:21+00:00","breadcrumb":{"@id":"https:\/\/inoxboca.com.vn\/en\/stainless-steel-8k-rose-gold\/#breadcrumb"},"inLanguage":"en-US","potentialAction":[{"@type":"ReadAction","target":["https:\/\/inoxboca.com.vn\/en\/stainless-steel-8k-rose-gold\/"]}]},{"@type":"ImageObject","inLanguage":"en-US","@id":"https:\/\/inoxboca.com.vn\/en\/stainless-steel-8k-rose-gold\/#primaryimage","url":"https:\/\/inoxboca.com.vn\/en\/wp-content\/uploads\/2021\/04\/stainless-steel-8k-rose-gold.jpg","contentUrl":"https:\/\/inoxboca.com.vn\/en\/wp-content\/uploads\/2021\/04\/stainless-steel-8k-rose-gold.jpg","width":1000,"height":1000},{"@type":"BreadcrumbList","@id":"https:\/\/inoxboca.com.vn\/en\/stainless-steel-8k-rose-gold\/#breadcrumb","itemListElement":[{"@type":"ListItem","position":1,"name":"Home","item":"https:\/\/inoxboca.com.vn\/en\/"},{"@type":"ListItem","position":2,"name":"Shop","item":"https:\/\/inoxboca.com.vn\/en\/shop\/"},{"@type":"ListItem","position":3,"name":"Stainless steel 8k Rose gold"}]},{"@type":"WebSite","@id":"https:\/\/inoxboca.com.vn\/en\/#website","url":"https:\/\/inoxboca.com.vn\/en\/","name":"INOX BOCA","description":"C\u00d4NG TY C\u1ed4 PH\u1ea6N \u0110\u1ea0I D\u01af\u01a0NG XANH \u00daC CH\u00c2U","potentialAction":[{"@type":"SearchAction","target":{"@type":"EntryPoint","urlTemplate":"https:\/\/inoxboca.com.vn\/en\/?s={search_term_string}"},"query-input":"required name=search_term_string"}],"inLanguage":"en-US"}]}},"_links":{"self":[{"href":"https:\/\/inoxboca.com.vn\/en\/wp-json\/wp\/v2\/product\/1036"}],"collection":[{"href":"https:\/\/inoxboca.com.vn\/en\/wp-json\/wp\/v2\/product"}],"about":[{"href":"https:\/\/inoxboca.com.vn\/en\/wp-json\/wp\/v2\/types\/product"}],"replies":[{"embeddable":true,"href":"https:\/\/inoxboca.com.vn\/en\/wp-json\/wp\/v2\/comments?post=1036"}],"wp:featuredmedia":[{"embeddable":true,"href":"https:\/\/inoxboca.com.vn\/en\/wp-json\/wp\/v2\/media\/1119"}],"wp:attachment":[{"href":"https:\/\/inoxboca.com.vn\/en\/wp-json\/wp\/v2\/media?parent=1036"}],"wp:term":[{"taxonomy":"product_cat","embeddable":true,"href":"https:\/\/inoxboca.com.vn\/en\/wp-json\/wp\/v2\/product_cat?post=1036"},{"taxonomy":"product_tag","embeddable":true,"href":"https:\/\/inoxboca.com.vn\/en\/wp-json\/wp\/v2\/product_tag?post=1036"}],"curies":[{"name":"wp","href":"https:\/\/api.w.org\/{rel}","templated":true}]}}